{"id":48,"date":"2018-03-23T19:33:32","date_gmt":"2018-03-23T19:33:32","guid":{"rendered":"http:\/\/localhost:8888\/globalnetwork\/?page_id=48"},"modified":"2020-07-27T15:58:34","modified_gmt":"2020-07-27T18:58:34","slug":"la-red-global-de-catedras-unesco","status":"publish","type":"page","link":"https:\/\/www.catunescomujer.org\/globalnetwork\/es\/la-red-global-de-catedras-unesco\/","title":{"rendered":"Sobre la Red"},"content":{"rendered":"<blockquote>\n<h4>La Red Global de C\u00e1tedras UNESCO en G\u00e9nero fue creada colaborativamente en 2010 por UNESCO y la C\u00e1tedra Regional UNESCO Mujer, Ciencia y Tecnolog\u00eda en Am\u00e9rica Latina.<\/h4>\n<\/blockquote>\n<p>Busca fomentar el intercambio interdisciplinario y la creaci\u00f3n de nuevos conocimientos que puedan contribuir a la implementaci\u00f3n de pr\u00e1cticas y pol\u00edticas innovadoras en el campo de los estudios de g\u00e9nero.<\/p>\n<p>Actualmente, est\u00e1 integrada por 20 C\u00e1tedras UNESCO de diferentes pa\u00edses que realizan investigaci\u00f3n, capacitaci\u00f3n y acciones de incidencia en pol\u00edtica sobre cuestiones de g\u00e9nero en distintos temas: juventud; violencia de g\u00e9nero; educaci\u00f3n de ni\u00f1as y mujeres; sexualidad, comunicaci\u00f3n, derechos humanos, democracia, activismo y participaci\u00f3n pol\u00edtica y econ\u00f3mica de las mujeres, educaci\u00f3n STEAM, Sociedad del Conocimiento, Desarrollo Sostenible, planificaci\u00f3n urbana y cambio clim\u00e1tico.<\/p>\n<blockquote><p>Su misi\u00f3n se enmarca dentro de las orientaciones estrat\u00e9gicas para el <a href=\"https:\/\/es.unesco.org\/programa-unitwin-catedras\" target=\"_blank\" rel=\"noopener\">Programa UNITWIN<\/a>, mientras que su plan de acci\u00f3n se vincula a las <a href=\"http:\/\/www.unesco.org\/new\/es\/unesco\/about-us\/who-we-are\/introducing-unesco\/\" target=\"_blank\" rel=\"noopener\">prioridades generales de la UNESCO<\/a> y particularmente, al <a href=\"http:\/\/unesdoc.unesco.org\/images\/0022\/002272\/227222e.pdf\" target=\"_blank\" rel=\"noopener\">Plan de Acci\u00f3n de la UNESCO para la prioridad \u201cIgualdad de g\u00e9nero\u201d, 2014-2021<\/a>.<\/p><\/blockquote>\n","protected":false},"excerpt":{"rendered":"<p>La Red Global de C\u00e1tedras UNESCO en G\u00e9nero fue creada colaborativamente en 2010 por UNESCO y la C\u00e1tedra Regional UNESCO [&#8230;]<\/p>\n<p><a class=\"btn btn-secondary understrap-read-more-link\" href=\"https:\/\/www.catunescomujer.org\/globalnetwork\/es\/la-red-global-de-catedras-unesco\/\">Read More&#8230;<span class=\"screen-reader-text\"> from Sobre la Red<\/span><\/a><\/p>\n","protected":false},"author":1,"featured_media":0,"parent":0,"menu_order":0,"comment_status":"closed","ping_status":"closed","template":"page-templates\/template-about.php","meta":{"_acf_changed":false,"footnotes":""},"class_list":["post-48","page","type-page","status-publish","hentry"],"acf":[],"_links":{"self":[{"href":"https:\/\/www.catunescomujer.org\/globalnetwork\/wp-json\/wp\/v2\/pages\/48","targetHints":{"allow":["GET"]}}],"collection":[{"href":"https:\/\/www.catunescomujer.org\/globalnetwork\/wp-json\/wp\/v2\/pages"}],"about":[{"href":"https:\/\/www.catunescomujer.org\/globalnetwork\/wp-json\/wp\/v2\/types\/page"}],"author":[{"embeddable":true,"href":"https:\/\/www.catunescomujer.org\/globalnetwork\/wp-json\/wp\/v2\/users\/1"}],"replies":[{"embeddable":true,"href":"https:\/\/www.catunescomujer.org\/globalnetwork\/wp-json\/wp\/v2\/comments?post=48"}],"version-history":[{"count":17,"href":"https:\/\/www.catunescomujer.org\/globalnetwork\/wp-json\/wp\/v2\/pages\/48\/revisions"}],"predecessor-version":[{"id":783,"href":"https:\/\/www.catunescomujer.org\/globalnetwork\/wp-json\/wp\/v2\/pages\/48\/revisions\/783"}],"wp:attachment":[{"href":"https:\/\/www.catunescomujer.org\/globalnetwork\/wp-json\/wp\/v2\/media?parent=48"}],"curies":[{"name":"wp","href":"https:\/\/api.w.org\/{rel}","templated":true}]}}